{"id":10,"date":"2017-09-06T10:48:11","date_gmt":"2017-09-06T10:48:11","guid":{"rendered":"https:\/\/www.zucchinarepublic.it\/?page_id=10"},"modified":"2017-11-10T21:45:19","modified_gmt":"2017-11-10T21:45:19","slug":"home","status":"publish","type":"page","link":"https:\/\/www.zucchinarepublic.it\/","title":{"rendered":"Home"},"content":{"rendered":"[vc_row full_width=&#8221;stretch_row_content&#8221; parallax=&#8221;content-moving&#8221; parallax_image=&#8221;2161&#8243; parallax_speed_bg=&#8221;4&#8243;][vc_column][vc_column_text]\n<div class=\"document-page\" data-page=\"2\">\n<div class=\"pdf-page\">\n<div class=\"text-wrapper user-select-text\">\n<div style=\"text-align: center;\" data-canvas-width=\"638.3520000000004\">\n<div data-canvas-width=\"625.7239999999999\">\n<p><span style=\"color: #ffffff;\"><span style=\"font-size: 12pt; font-family: 'book antiqua',palatino,serif;\">&#8220;Il cibo \u00e8 amore, onest\u00e0, condivisione.<br \/>\nIl cibo vegetale porta con s\u00e9 la straordinaria energia della terra ed \u00e8 talmente vario, ricco, profumato e saporoso<br \/>\nda soddisfare tutte le nostre esigenze nutrizionali e gustative.<br \/>\n<\/span><span style=\"font-size: 12pt; font-family: 'book antiqua',palatino,serif;\">Il cibo \u00e8 portatore di tutto l\u2019amore e l&#8217;energia di chi lo ha cucinato.&#8221;<\/span><\/span><\/p>\n<\/div>\n<\/div>\n<\/div>\n<\/div>\n<\/div>\n[\/vc_column_text][vc_empty_space height=&#8221;12px&#8221;][\/vc_column][\/vc_row][vc_row full_width=&#8221;stretch_row&#8221; equal_height=&#8221;yes&#8221;][vc_column width=&#8221;2\/3&#8243;][vc_custom_heading text=&#8221;Zucchina Republic&#8221; font_container=&#8221;tag:h1|text_align:left&#8221; use_theme_fonts=&#8221;yes&#8221; link=&#8221;|||&#8221;][canon_royalslider id=&#8221;6&#8243;][vc_empty_space height=&#8221;12px&#8221;][\/vc_column][vc_column width=&#8221;1\/3&#8243;][vc_wp_custommenu title=&#8221;Menu&#8221; nav_menu=&#8221;41&#8243;][\/vc_column][\/vc_row][vc_row][vc_column][canon_posts_carousel offset=&#8221;1&#8243; num_posts_load=&#8221;10&#8243; num_posts_show=&#8221;3&#8243; excerpt_length=&#8221;360&#8243; hide_comments_count=&#8221;checked&#8221; hide_rating=&#8221;checked&#8221; hide_excerpt=&#8221;checked&#8221; slide_speed=&#8221;200&#8243; autoplay_speed=&#8221;6000&#8243; title=&#8221;Novit\u00e0&#8221;][\/vc_column][\/vc_row][vc_row][vc_column][vc_separator][\/vc_column][\/vc_row][vc_row full_width=&#8221;stretch_row_content&#8221; parallax=&#8221;content-moving&#8221; parallax_image=&#8221;2086&#8243; parallax_speed_bg=&#8221;5&#8243;][vc_column][vc_cta h2=&#8221;Scopri le mie ricette&#8221; txt_align=&#8221;center&#8221; el_width=&#8221;xs&#8221; add_button=&#8221;bottom&#8221; btn_title=&#8221;Clicca qui&#8221; btn_color=&#8221;green&#8221; btn_align=&#8221;center&#8221; btn_link=&#8221;url:https%3A%2F%2Fwww.zucchinarepublic.it%2Fricette-2%2F|||&#8221;][\/vc_cta][\/vc_column][\/vc_row][vc_row][vc_column][vc_empty_space height=&#8221;12px&#8221;][vc_separator][\/vc_column][\/vc_row][vc_row][vc_column width=&#8221;1\/3&#8243;][vc_empty_space height=&#8221;20px&#8221;][canon_post_listed show=&#8221;popular_views&#8221; offset=&#8221;1&#8243; num_posts_show=&#8221;4&#8243; hide_rating=&#8221;checked&#8221; title=&#8221;Popolari&#8221;][\/vc_column][vc_column width=&#8221;2\/3&#8243;][canon_royalslider id=&#8221;7&#8243;][vc_empty_space][\/vc_column][\/vc_row]\n","protected":false},"excerpt":{"rendered":"<p>[vc_row full_width=&#8221;stretch_row_content&#8221; parallax=&#8221;content-moving&#8221; parallax_image=&#8221;2161&#8243; parallax_speed_bg=&#8221;4&#8243;][vc_column][vc_column_text] &#8220;Il cibo \u00e8 amore, onest\u00e0, condivisione. Il cibo vegetale porta con s\u00e9 la straordinaria energia della terra ed \u00e8 talmente vario, ricco, profumato e saporoso da soddisfare tutte le nostre esigenze nutrizionali e gustative. Il cibo \u00e8 portatore di tutto l\u2019amore e l&#8217;energia di chi lo ha cucinato.&#8221; [\/vc_column_text][vc_empty_space height=&#8221;12px&#8221;][\/vc_column][\/vc_row][vc_row [&hellip;]<\/p>\n","protected":false},"author":1,"featured_media":0,"parent":0,"menu_order":0,"comment_status":"closed","ping_status":"closed","template":"","meta":{"jetpack_post_was_ever_published":false,"footnotes":""},"class_list":["post-10","page","type-page","status-publish","hentry"],"jetpack_sharing_enabled":false,"jetpack_shortlink":"https:\/\/wp.me\/P99sDl-a","jetpack_likes_enabled":true,"jetpack-related-posts":[{"id":12,"url":"https:\/\/www.zucchinarepublic.it\/?page_id=12","url_meta":{"origin":10,"position":0},"title":"Chi sono","author":"valentinaferri","date":"Settembre 6, 2017","format":false,"excerpt":"[vc_row full_width=\"stretch_row_content\" parallax=\"content-moving\" parallax_image=\"2090\" parallax_speed_bg=\"4\"][vc_column][vc_column_text] \"In un certo senso bisogna reimparare a cucinare. Questo non spaventi ma anzi accenda \u00a0curiosit\u00e0, voglia di sperimentare e fantasia.\" [\/vc_column_text][\/vc_column][\/vc_row][vc_row][vc_column width=\"2\/3\"][vc_custom_heading text=\"Valentina Ferri\" use_theme_fonts=\"yes\"][vc_column_text]Mi chiamo Valentina e vivo in una piccola corte alle porte di Milano. Sono una restauratrice di libri, cucino per diletto\u2026","rel":"","context":"Articolo simile","block_context":{"text":"Articolo simile","link":""},"img":{"alt_text":"","src":"","width":0,"height":0},"classes":[]},{"id":2126,"url":"https:\/\/www.zucchinarepublic.it\/?page_id=2126","url_meta":{"origin":10,"position":1},"title":"Informativa sui cookie","author":"Marco Caronni","date":"Novembre 7, 2017","format":false,"excerpt":"[vc_row][vc_column][vc_column_text] Privacy Policy [\/vc_column_text][vc_column_text] Tipologia dei dati raccolti e finalit\u00e0 del trattamento Tutti i dati personali raccolti attraverso il Sito verranno trattati in modo lecito e secondo correttezza con la finalit\u00e0 di fornire ai Visitatori i servizi richiesti, rispondendo alle loro comunicazioni e\/o domande, nel rispetto degli scopi del Sito.\u2026","rel":"","context":"Articolo simile","block_context":{"text":"Articolo simile","link":""},"img":{"alt_text":"","src":"","width":0,"height":0},"classes":[]},{"id":16,"url":"https:\/\/www.zucchinarepublic.it\/?page_id=16","url_meta":{"origin":10,"position":2},"title":"Suggerimenti","author":"valentinaferri","date":"Settembre 6, 2017","format":false,"excerpt":"[vc_row full_width=\"stretch_row_content\" parallax=\"content-moving\" parallax_image=\"2105\" parallax_speed_bg=\"4\"][vc_column][vc_column_text] \"Siamo mediamente abituati a pietanze molto condite, salate, zuccherate ed elaborate, tanto da non riuscire quasi pi\u00f9 a riconoscere e gustare i sapori pi\u00f9 sottili. Un po\u2019 come il rumore di fondo della citt\u00e0 che non ci permette di avvertire i suoni pi\u00f9 delicati della\u2026","rel":"","context":"Articolo simile","block_context":{"text":"Articolo simile","link":""},"img":{"alt_text":"","src":"","width":0,"height":0},"classes":[]},{"id":1943,"url":"https:\/\/www.zucchinarepublic.it\/?page_id=1943","url_meta":{"origin":10,"position":3},"title":"Ricette","author":"Marco Caronni","date":"Novembre 5, 2017","format":false,"excerpt":"[vc_row full_width=\"stretch_row_content\" parallax=\"content-moving\" parallax_image=\"2086\" parallax_speed_bg=\"4\"][vc_column][vc_column_text] \"Queste sono le mie ricette, semplici e sperimentate, spesso pi\u00f9 e pi\u00f9 volte, adatte alla cucina di tutti i giorni. Con un occhio anche alla salute (no a farine e zuccheri raffinati). Questo \u00e8 un viaggio per me e, spero, anche per qualcuno di voi.\u00a0\u2026","rel":"","context":"Articolo simile","block_context":{"text":"Articolo simile","link":""},"img":{"alt_text":"","src":"","width":0,"height":0},"classes":[]},{"id":1827,"url":"https:\/\/www.zucchinarepublic.it\/?page_id=1827","url_meta":{"origin":10,"position":4},"title":"Ingredienti","author":"Marco Caronni","date":"Ottobre 10, 2017","format":false,"excerpt":"[vc_row full_width=\"stretch_row_content\" parallax=\"content-moving\" parallax_image=\"2104\" parallax_speed_bg=\"4\"][vc_column][vc_column_text] \"Un\u2019alimentazione esclusivamente vegetale non significa semplicemente togliere ma anzi arricchire la propria dieta con ingredienti nuovi e sconosciuti ormai disponibili e alla portata di tutti. Osate acquistare un prodotto mai sperimentato, qualche ricetta salter\u00e0 fuori\" [\/vc_column_text][\/vc_column][\/vc_row][vc_row][vc_column][vc_empty_space][canon_post_listed show=\"postcat_ingredienti\" offset=\"1\" num_posts_show=\"50\" meta=\"categories\" hide_rating=\"checked\"][\/vc_column][\/vc_row]","rel":"","context":"Articolo simile","block_context":{"text":"Articolo simile","link":""},"img":{"alt_text":"","src":"","width":0,"height":0},"classes":[]},{"id":18,"url":"https:\/\/www.zucchinarepublic.it\/?page_id=18","url_meta":{"origin":10,"position":5},"title":"Contatti","author":"valentinaferri","date":"Settembre 6, 2017","format":false,"excerpt":"[vc_row full_width=\"stretch_row_content\" parallax=\"content-moving\" parallax_image=\"2106\" parallax_speed_bg=\"4\"][vc_column][vc_column_text] \"Smettiamola di mettere in bocca qualunque cosa \u00a0e possibilmente ricordiamoci da dove (e da chi) proviene ci\u00f2 che abitualmente ingurgitiamo senza pensarci.\" [\/vc_column_text][\/vc_column][\/vc_row][vc_row][vc_column width=\"2\/3\"][vc_row_inner][vc_column_inner][vc_custom_heading text=\"Valentina Ferri\" use_theme_fonts=\"yes\"][vc_single_image image=\"2127\" img_size=\"large\"][\/vc_column_inner][\/vc_row_inner][vc_column_text] Consulenze gastronomiche per chi desidera accostarsi ad un'alimentazione vegetale\u00a0 (non sono una nutrizionista) Servizio catering per\u2026","rel":"","context":"Articolo simile","block_context":{"text":"Articolo simile","link":""},"img":{"alt_text":"","src":"","width":0,"height":0},"classes":[]}],"_links":{"self":[{"href":"https:\/\/www.zucchinarepublic.it\/index.php?rest_route=\/wp\/v2\/pages\/10","targetHints":{"allow":["GET"]}}],"collection":[{"href":"https:\/\/www.zucchinarepublic.it\/index.php?rest_route=\/wp\/v2\/pages"}],"about":[{"href":"https:\/\/www.zucchinarepublic.it\/index.php?rest_route=\/wp\/v2\/types\/page"}],"author":[{"embeddable":true,"href":"https:\/\/www.zucchinarepublic.it\/index.php?rest_route=\/wp\/v2\/users\/1"}],"replies":[{"embeddable":true,"href":"https:\/\/www.zucchinarepublic.it\/index.php?rest_route=%2Fwp%2Fv2%2Fcomments&post=10"}],"version-history":[{"count":65,"href":"https:\/\/www.zucchinarepublic.it\/index.php?rest_route=\/wp\/v2\/pages\/10\/revisions"}],"predecessor-version":[{"id":2248,"href":"https:\/\/www.zucchinarepublic.it\/index.php?rest_route=\/wp\/v2\/pages\/10\/revisions\/2248"}],"wp:attachment":[{"href":"https:\/\/www.zucchinarepublic.it\/index.php?rest_route=%2Fwp%2Fv2%2Fmedia&parent=10"}],"curies":[{"name":"wp","href":"https:\/\/api.w.org\/{rel}","templated":true}]}}