{"id":12,"date":"2017-09-06T10:48:39","date_gmt":"2017-09-06T10:48:39","guid":{"rendered":"https:\/\/www.zucchinarepublic.it\/?page_id=12"},"modified":"2018-09-13T12:19:03","modified_gmt":"2018-09-13T12:19:03","slug":"chi-sono","status":"publish","type":"page","link":"https:\/\/www.zucchinarepublic.it\/?page_id=12","title":{"rendered":"Chi sono"},"content":{"rendered":"[vc_row full_width=&#8221;stretch_row_content&#8221; parallax=&#8221;content-moving&#8221; parallax_image=&#8221;2090&#8243; parallax_speed_bg=&#8221;4&#8243;][vc_column][vc_column_text]\n<p style=\"text-align: center;\"><span style=\"font-family: 'book antiqua', palatino, serif; font-size: 12pt; color: #ffffff;\">&#8220;In un certo senso bisogna reimparare a cucinare.<br \/>\nQuesto non spaventi ma anzi accenda \u00a0curiosit\u00e0, voglia di sperimentare e fantasia.&#8221;<\/span><\/p>\n[\/vc_column_text][\/vc_column][\/vc_row][vc_row][vc_column width=&#8221;2\/3&#8243;][vc_custom_heading text=&#8221;Valentina Ferri&#8221; use_theme_fonts=&#8221;yes&#8221;][vc_column_text]Mi chiamo Valentina e vivo in una piccola corte alle porte di Milano.<br \/>\nSono una restauratrice di libri, cucino per diletto e per passione.<br \/>\nSono vegetariana da vent\u2019anni e vegana da quattro.[\/vc_column_text][vc_column_text]E\u2019 stato l\u2019inizio di un viaggio di esplorazione e consapevolezza, cominciato per ragioni etiche e proseguito con la certezza che un\u2019alimentazione rispettosa degli animali e dell\u2019ambiente \u00e8 possibile e nello stesso tempo salutare, sostenibile ed ugualmente gustosa.[\/vc_column_text][vc_custom_heading text=&#8221;Formazione&#8221; use_theme_fonts=&#8221;yes&#8221;][vc_column_text]Ho frequentato e sto ancora frequentando corsi professionalizzanti, sono diplomata <a href=\"https:\/\/www.facebook.com\/gaia.centroculturaleolistico\/?fref=ts\" target=\"_blank\" rel=\"noopener\">Ayurveda Food Trainer<\/a> e ho concluso il percorso di formazione professionale presso la scuola di cucina vegana <span style=\"color: #99cc00;\"><a href=\"https:\/\/www.ilsestosapore.com\/\">Il 6\u00b0 sapore<\/a><\/span>[\/vc_column_text][vc_column_text]Perlopi\u00f9 leggo ricette, provo, trasformo, reinvento e qualche volta butto in spazzatura (!)\u00a0Nel tempo ho eliminato sempre pi\u00f9 i prodotti vegani confezionati della grande distribuzione preferendo l\u2019autoproduzione.<br \/>\nE s\u00ec, serve del tempo da dedicarvi, tempo che come ogni lavoratore mi ritaglio a fatica ma con infinito piacere.\u00a0Scoprire che esistono vaporiere, essiccatori, spiralizzatori \u00e8 divertente e rende il quotidiano \u201cfardello\u201d un gioco, molto serio, nel quale tempo ed energie sono ben spesi.<\/p>\n<p>Questo blog \u00e8 il mio ricettario, ancora in gran parte da costruire, giorno per giorno.[\/vc_column_text][\/vc_column][vc_column width=&#8221;1\/3&#8243;][vc_single_image image=&#8221;1899&#8243; img_size=&#8221;medium&#8221;][vc_separator][vc_cta h2=&#8221;Contatti&#8221; h4=&#8221;Visita la pagina contatti&#8221; txt_align=&#8221;center&#8221; add_button=&#8221;bottom&#8221; btn_title=&#8221;Clicca qui&#8221; btn_color=&#8221;green&#8221; btn_align=&#8221;center&#8221; btn_i_icon_fontawesome=&#8221;fa fa-comments&#8221; btn_add_icon=&#8221;true&#8221; btn_link=&#8221;url:https%3A%2F%2Fwww.zucchinarepublic.it%2Fcontatti%2F|||&#8221;][\/vc_cta][\/vc_column][\/vc_row][vc_row][vc_column][\/vc_column][\/vc_row]\n","protected":false},"excerpt":{"rendered":"<p>[vc_row full_width=&#8221;stretch_row_content&#8221; parallax=&#8221;content-moving&#8221; parallax_image=&#8221;2090&#8243; parallax_speed_bg=&#8221;4&#8243;][vc_column][vc_column_text] &#8220;In un certo senso bisogna reimparare a cucinare. Questo non spaventi ma anzi accenda \u00a0curiosit\u00e0, voglia di sperimentare e fantasia.&#8221; [\/vc_column_text][\/vc_column][\/vc_row][vc_row][vc_column width=&#8221;2\/3&#8243;][vc_custom_heading text=&#8221;Valentina Ferri&#8221; use_theme_fonts=&#8221;yes&#8221;][vc_column_text]Mi chiamo Valentina e vivo in una piccola corte alle porte di Milano. Sono una restauratrice di libri, cucino per diletto e per passione. Sono vegetariana [&hellip;]<\/p>\n","protected":false},"author":1,"featured_media":0,"parent":0,"menu_order":0,"comment_status":"closed","ping_status":"closed","template":"","meta":{"jetpack_post_was_ever_published":false,"footnotes":""},"class_list":["post-12","page","type-page","status-publish","hentry"],"jetpack_sharing_enabled":true,"jetpack_shortlink":"https:\/\/wp.me\/P99sDl-c","jetpack_likes_enabled":true,"jetpack-related-posts":[{"id":2126,"url":"https:\/\/www.zucchinarepublic.it\/?page_id=2126","url_meta":{"origin":12,"position":0},"title":"Informativa sui cookie","author":"Marco Caronni","date":"Novembre 7, 2017","format":false,"excerpt":"[vc_row][vc_column][vc_column_text] Privacy Policy [\/vc_column_text][vc_column_text] Tipologia dei dati raccolti e finalit\u00e0 del trattamento Tutti i dati personali raccolti attraverso il Sito verranno trattati in modo lecito e secondo correttezza con la finalit\u00e0 di fornire ai Visitatori i servizi richiesti, rispondendo alle loro comunicazioni e\/o domande, nel rispetto degli scopi del Sito.\u2026","rel":"","context":"Articolo simile","block_context":{"text":"Articolo simile","link":""},"img":{"alt_text":"","src":"","width":0,"height":0},"classes":[]},{"id":18,"url":"https:\/\/www.zucchinarepublic.it\/?page_id=18","url_meta":{"origin":12,"position":1},"title":"Contatti","author":"valentinaferri","date":"Settembre 6, 2017","format":false,"excerpt":"[vc_row full_width=\"stretch_row_content\" parallax=\"content-moving\" parallax_image=\"2106\" parallax_speed_bg=\"4\"][vc_column][vc_column_text] \"Smettiamola di mettere in bocca qualunque cosa \u00a0e possibilmente ricordiamoci da dove (e da chi) proviene ci\u00f2 che abitualmente ingurgitiamo senza pensarci.\" [\/vc_column_text][\/vc_column][\/vc_row][vc_row][vc_column width=\"2\/3\"][vc_row_inner][vc_column_inner][vc_custom_heading text=\"Valentina Ferri\" use_theme_fonts=\"yes\"][vc_single_image image=\"2127\" img_size=\"large\"][\/vc_column_inner][\/vc_row_inner][vc_column_text] Consulenze gastronomiche per chi desidera accostarsi ad un'alimentazione vegetale\u00a0 (non sono una nutrizionista) Servizio catering per\u2026","rel":"","context":"Articolo simile","block_context":{"text":"Articolo simile","link":""},"img":{"alt_text":"","src":"","width":0,"height":0},"classes":[]},{"id":1943,"url":"https:\/\/www.zucchinarepublic.it\/?page_id=1943","url_meta":{"origin":12,"position":2},"title":"Ricette","author":"Marco Caronni","date":"Novembre 5, 2017","format":false,"excerpt":"[vc_row full_width=\"stretch_row_content\" parallax=\"content-moving\" parallax_image=\"2086\" parallax_speed_bg=\"4\"][vc_column][vc_column_text] \"Queste sono le mie ricette, semplici e sperimentate, spesso pi\u00f9 e pi\u00f9 volte, adatte alla cucina di tutti i giorni. Con un occhio anche alla salute (no a farine e zuccheri raffinati). Questo \u00e8 un viaggio per me e, spero, anche per qualcuno di voi.\u00a0\u2026","rel":"","context":"Articolo simile","block_context":{"text":"Articolo simile","link":""},"img":{"alt_text":"","src":"","width":0,"height":0},"classes":[]},{"id":10,"url":"https:\/\/www.zucchinarepublic.it\/","url_meta":{"origin":12,"position":3},"title":"Home","author":"valentinaferri","date":"Settembre 6, 2017","format":false,"excerpt":"[vc_row full_width=\"stretch_row_content\" parallax=\"content-moving\" parallax_image=\"2161\" parallax_speed_bg=\"4\"][vc_column][vc_column_text] \"Il cibo \u00e8 amore, onest\u00e0, condivisione. Il cibo vegetale porta con s\u00e9 la straordinaria energia della terra ed \u00e8 talmente vario, ricco, profumato e saporoso da soddisfare tutte le nostre esigenze nutrizionali e gustative. Il cibo \u00e8 portatore di tutto l\u2019amore e l'energia di chi\u2026","rel":"","context":"Articolo simile","block_context":{"text":"Articolo simile","link":""},"img":{"alt_text":"","src":"","width":0,"height":0},"classes":[]},{"id":16,"url":"https:\/\/www.zucchinarepublic.it\/?page_id=16","url_meta":{"origin":12,"position":4},"title":"Suggerimenti","author":"valentinaferri","date":"Settembre 6, 2017","format":false,"excerpt":"[vc_row full_width=\"stretch_row_content\" parallax=\"content-moving\" parallax_image=\"2105\" parallax_speed_bg=\"4\"][vc_column][vc_column_text] \"Siamo mediamente abituati a pietanze molto condite, salate, zuccherate ed elaborate, tanto da non riuscire quasi pi\u00f9 a riconoscere e gustare i sapori pi\u00f9 sottili. Un po\u2019 come il rumore di fondo della citt\u00e0 che non ci permette di avvertire i suoni pi\u00f9 delicati della\u2026","rel":"","context":"Articolo simile","block_context":{"text":"Articolo simile","link":""},"img":{"alt_text":"","src":"","width":0,"height":0},"classes":[]},{"id":1827,"url":"https:\/\/www.zucchinarepublic.it\/?page_id=1827","url_meta":{"origin":12,"position":5},"title":"Ingredienti","author":"Marco Caronni","date":"Ottobre 10, 2017","format":false,"excerpt":"[vc_row full_width=\"stretch_row_content\" parallax=\"content-moving\" parallax_image=\"2104\" parallax_speed_bg=\"4\"][vc_column][vc_column_text] \"Un\u2019alimentazione esclusivamente vegetale non significa semplicemente togliere ma anzi arricchire la propria dieta con ingredienti nuovi e sconosciuti ormai disponibili e alla portata di tutti. Osate acquistare un prodotto mai sperimentato, qualche ricetta salter\u00e0 fuori\" [\/vc_column_text][\/vc_column][\/vc_row][vc_row][vc_column][vc_empty_space][canon_post_listed show=\"postcat_ingredienti\" offset=\"1\" num_posts_show=\"50\" meta=\"categories\" hide_rating=\"checked\"][\/vc_column][\/vc_row]","rel":"","context":"Articolo simile","block_context":{"text":"Articolo simile","link":""},"img":{"alt_text":"","src":"","width":0,"height":0},"classes":[]}],"_links":{"self":[{"href":"https:\/\/www.zucchinarepublic.it\/index.php?rest_route=\/wp\/v2\/pages\/12","targetHints":{"allow":["GET"]}}],"collection":[{"href":"https:\/\/www.zucchinarepublic.it\/index.php?rest_route=\/wp\/v2\/pages"}],"about":[{"href":"https:\/\/www.zucchinarepublic.it\/index.php?rest_route=\/wp\/v2\/types\/page"}],"author":[{"embeddable":true,"href":"https:\/\/www.zucchinarepublic.it\/index.php?rest_route=\/wp\/v2\/users\/1"}],"replies":[{"embeddable":true,"href":"https:\/\/www.zucchinarepublic.it\/index.php?rest_route=%2Fwp%2Fv2%2Fcomments&post=12"}],"version-history":[{"count":17,"href":"https:\/\/www.zucchinarepublic.it\/index.php?rest_route=\/wp\/v2\/pages\/12\/revisions"}],"predecessor-version":[{"id":3078,"href":"https:\/\/www.zucchinarepublic.it\/index.php?rest_route=\/wp\/v2\/pages\/12\/revisions\/3078"}],"wp:attachment":[{"href":"https:\/\/www.zucchinarepublic.it\/index.php?rest_route=%2Fwp%2Fv2%2Fmedia&parent=12"}],"curies":[{"name":"wp","href":"https:\/\/api.w.org\/{rel}","templated":true}]}}