{"id":1943,"date":"2017-11-05T15:37:57","date_gmt":"2017-11-05T15:37:57","guid":{"rendered":"https:\/\/www.zucchinarepublic.it\/?page_id=1943"},"modified":"2017-11-13T00:07:31","modified_gmt":"2017-11-13T00:07:31","slug":"ricette-2","status":"publish","type":"page","link":"https:\/\/www.zucchinarepublic.it\/?page_id=1943","title":{"rendered":"Ricette"},"content":{"rendered":"[vc_row full_width=&#8221;stretch_row_content&#8221; parallax=&#8221;content-moving&#8221; parallax_image=&#8221;2086&#8243; parallax_speed_bg=&#8221;4&#8243;][vc_column][vc_column_text]\n<div class=\"document-page\" style=\"text-align: center;\" data-page=\"1\"><span style=\"font-family: 'book antiqua',palatino,serif; font-size: 12pt; color: #ffffff;\">&#8220;Queste sono le mie ricette, semplici e sperimentate, spesso pi\u00f9 e pi\u00f9 volte, adatte alla cucina di tutti i giorni.<br \/>\nCon un occhio anche alla salute (no a farine e zuccheri raffinati).<br \/>\nQuesto \u00e8 un viaggio per me e, spero, anche per qualcuno di voi.\u00a0<\/span><\/div>\n<div class=\"document-page\" style=\"text-align: center;\" data-page=\"1\"><span style=\"font-family: 'book antiqua',palatino,serif; font-size: 12pt; color: #ffffff;\">Dedicato agli amici, ai curiosi e soprattutto\u00a0agli scettici.&#8221;<\/span><\/div>\n[\/vc_column_text][\/vc_column][\/vc_row][vc_row][vc_column width=&#8221;2\/3&#8243;][vc_wp_search title=&#8221;Cerca qui&#8221;][vc_empty_space][canon_posts_carousel show=&#8221;postcat_ricette&#8221; offset=&#8221;1&#8243; num_posts_load=&#8221;11&#8243; num_posts_show=&#8221;3&#8243; excerpt_length=&#8221;360&#8243; hide_comments_count=&#8221;checked&#8221; hide_rating=&#8221;checked&#8221; hide_meta=&#8221;checked&#8221; hide_excerpt=&#8221;checked&#8221; slide_speed=&#8221;200&#8243; autoplay_speed=&#8221;5000&#8243;][\/vc_column][vc_column width=&#8221;1\/3&#8243;][vc_wp_custommenu title=&#8221;Ricette&#8221; nav_menu=&#8221;41&#8243;][\/vc_column][\/vc_row][vc_row][vc_column][vc_tta_tour][vc_tta_section title=&#8221;Le basi&#8221; tab_id=&#8221;1510089790456-fe529a6d-fe47&#8243;][canon_post_listed show=&#8221;postcat_le-basi&#8221; offset=&#8221;1&#8243; num_posts_show=&#8221;9999&#8243; hide_rating=&#8221;checked&#8221;][\/vc_tta_section][vc_tta_section title=&#8221;Antipasti e salse&#8221; tab_id=&#8221;1510089790521-d6fbef7c-67b9&#8243;][canon_post_listed show=&#8221;postcat_antipasti&#8221; offset=&#8221;1&#8243; num_posts_show=&#8221;9999&#8243; hide_rating=&#8221;checked&#8221;][\/vc_tta_section][vc_tta_section title=&#8221;Primi&#8221; tab_id=&#8221;1510089843812-999694a9-8c4a&#8221;][canon_post_listed show=&#8221;postcat_primi&#8221; offset=&#8221;1&#8243; num_posts_show=&#8221;9999&#8243; hide_rating=&#8221;checked&#8221;][\/vc_tta_section][vc_tta_section title=&#8221;Secondi&#8221; tab_id=&#8221;1510089892498-ab71be7e-582d&#8221;][canon_post_listed show=&#8221;postcat_secondi&#8221; offset=&#8221;1&#8243; num_posts_show=&#8221;9999&#8243; hide_rating=&#8221;checked&#8221;][\/vc_tta_section][vc_tta_section title=&#8221;Dolci&#8221; tab_id=&#8221;1510089923444-bdd98b1f-7397&#8243;][canon_post_listed show=&#8221;postcat_dolci&#8221; offset=&#8221;1&#8243; num_posts_show=&#8221;9999&#8243; hide_rating=&#8221;checked&#8221;][\/vc_tta_section][vc_tta_section title=&#8221;Piatti unici&#8221; tab_id=&#8221;1510089943895-4dab4bbc-34ab&#8221;][canon_post_listed show=&#8221;postcat_piatti-unici&#8221; offset=&#8221;1&#8243; num_posts_show=&#8221;4&#8243;][\/vc_tta_section][vc_tta_section title=&#8221;Pane e lievitati&#8221; tab_id=&#8221;1510089945286-b5cc47e1-f0b0&#8243;][canon_post_listed show=&#8221;postcat_pane-e-lievitati&#8221; offset=&#8221;1&#8243; num_posts_show=&#8221;9999&#8243; hide_rating=&#8221;checked&#8221;][\/vc_tta_section][vc_tta_section title=&#8221;Verdure e legumi&#8221; tab_id=&#8221;1510089946456-9e1be771-2621&#8243;][canon_post_listed show=&#8221;postcat_verdure-e-legumi&#8221; offset=&#8221;1&#8243; num_posts_show=&#8221;4&#8243;][\/vc_tta_section][vc_tta_section title=&#8221;Raw&#8221; tab_id=&#8221;1510089947767-878fc1b9-1feb&#8221;][canon_post_listed show=&#8221;postcat_raw&#8221; offset=&#8221;1&#8243; num_posts_show=&#8221;9999&#8243; hide_rating=&#8221;checked&#8221;][\/vc_tta_section][vc_tta_section title=&#8221;Detox&#8221; tab_id=&#8221;1510089948722-5c77d8c4-5ed0&#8243;][canon_post_listed show=&#8221;postcat_detox&#8221; offset=&#8221;1&#8243; num_posts_show=&#8221;9999&#8243; hide_rating=&#8221;checked&#8221;][\/vc_tta_section][\/vc_tta_tour][\/vc_column][\/vc_row]\n","protected":false},"excerpt":{"rendered":"<p>[vc_row full_width=&#8221;stretch_row_content&#8221; parallax=&#8221;content-moving&#8221; parallax_image=&#8221;2086&#8243; parallax_speed_bg=&#8221;4&#8243;][vc_column][vc_column_text] &#8220;Queste sono le mie ricette, semplici e sperimentate, spesso pi\u00f9 e pi\u00f9 volte, adatte alla cucina di tutti i giorni. Con un occhio anche alla salute (no a farine e zuccheri raffinati). Questo \u00e8 un viaggio per me e, spero, anche per qualcuno di voi.\u00a0 Dedicato agli amici, ai curiosi [&hellip;]<\/p>\n","protected":false},"author":2,"featured_media":0,"parent":0,"menu_order":0,"comment_status":"closed","ping_status":"closed","template":"","meta":{"jetpack_post_was_ever_published":false,"footnotes":""},"class_list":["post-1943","page","type-page","status-publish","hentry"],"jetpack_sharing_enabled":false,"jetpack_shortlink":"https:\/\/wp.me\/P99sDl-vl","jetpack_likes_enabled":true,"jetpack-related-posts":[{"id":12,"url":"https:\/\/www.zucchinarepublic.it\/?page_id=12","url_meta":{"origin":1943,"position":0},"title":"Chi sono","author":"valentinaferri","date":"Settembre 6, 2017","format":false,"excerpt":"[vc_row full_width=\"stretch_row_content\" parallax=\"content-moving\" parallax_image=\"2090\" parallax_speed_bg=\"4\"][vc_column][vc_column_text] \"In un certo senso bisogna reimparare a cucinare. Questo non spaventi ma anzi accenda \u00a0curiosit\u00e0, voglia di sperimentare e fantasia.\" [\/vc_column_text][\/vc_column][\/vc_row][vc_row][vc_column width=\"2\/3\"][vc_custom_heading text=\"Valentina Ferri\" use_theme_fonts=\"yes\"][vc_column_text]Mi chiamo Valentina e vivo in una piccola corte alle porte di Milano. Sono una restauratrice di libri, cucino per diletto\u2026","rel":"","context":"Articolo simile","block_context":{"text":"Articolo simile","link":""},"img":{"alt_text":"","src":"","width":0,"height":0},"classes":[]},{"id":2126,"url":"https:\/\/www.zucchinarepublic.it\/?page_id=2126","url_meta":{"origin":1943,"position":1},"title":"Informativa sui cookie","author":"Marco Caronni","date":"Novembre 7, 2017","format":false,"excerpt":"[vc_row][vc_column][vc_column_text] Privacy Policy [\/vc_column_text][vc_column_text] Tipologia dei dati raccolti e finalit\u00e0 del trattamento Tutti i dati personali raccolti attraverso il Sito verranno trattati in modo lecito e secondo correttezza con la finalit\u00e0 di fornire ai Visitatori i servizi richiesti, rispondendo alle loro comunicazioni e\/o domande, nel rispetto degli scopi del Sito.\u2026","rel":"","context":"Articolo simile","block_context":{"text":"Articolo simile","link":""},"img":{"alt_text":"","src":"","width":0,"height":0},"classes":[]},{"id":10,"url":"https:\/\/www.zucchinarepublic.it\/","url_meta":{"origin":1943,"position":2},"title":"Home","author":"valentinaferri","date":"Settembre 6, 2017","format":false,"excerpt":"[vc_row full_width=\"stretch_row_content\" parallax=\"content-moving\" parallax_image=\"2161\" parallax_speed_bg=\"4\"][vc_column][vc_column_text] \"Il cibo \u00e8 amore, onest\u00e0, condivisione. Il cibo vegetale porta con s\u00e9 la straordinaria energia della terra ed \u00e8 talmente vario, ricco, profumato e saporoso da soddisfare tutte le nostre esigenze nutrizionali e gustative. Il cibo \u00e8 portatore di tutto l\u2019amore e l'energia di chi\u2026","rel":"","context":"Articolo simile","block_context":{"text":"Articolo simile","link":""},"img":{"alt_text":"","src":"","width":0,"height":0},"classes":[]},{"id":16,"url":"https:\/\/www.zucchinarepublic.it\/?page_id=16","url_meta":{"origin":1943,"position":3},"title":"Suggerimenti","author":"valentinaferri","date":"Settembre 6, 2017","format":false,"excerpt":"[vc_row full_width=\"stretch_row_content\" parallax=\"content-moving\" parallax_image=\"2105\" parallax_speed_bg=\"4\"][vc_column][vc_column_text] \"Siamo mediamente abituati a pietanze molto condite, salate, zuccherate ed elaborate, tanto da non riuscire quasi pi\u00f9 a riconoscere e gustare i sapori pi\u00f9 sottili. Un po\u2019 come il rumore di fondo della citt\u00e0 che non ci permette di avvertire i suoni pi\u00f9 delicati della\u2026","rel":"","context":"Articolo simile","block_context":{"text":"Articolo simile","link":""},"img":{"alt_text":"","src":"","width":0,"height":0},"classes":[]},{"id":1827,"url":"https:\/\/www.zucchinarepublic.it\/?page_id=1827","url_meta":{"origin":1943,"position":4},"title":"Ingredienti","author":"Marco Caronni","date":"Ottobre 10, 2017","format":false,"excerpt":"[vc_row full_width=\"stretch_row_content\" parallax=\"content-moving\" parallax_image=\"2104\" parallax_speed_bg=\"4\"][vc_column][vc_column_text] \"Un\u2019alimentazione esclusivamente vegetale non significa semplicemente togliere ma anzi arricchire la propria dieta con ingredienti nuovi e sconosciuti ormai disponibili e alla portata di tutti. Osate acquistare un prodotto mai sperimentato, qualche ricetta salter\u00e0 fuori\" [\/vc_column_text][\/vc_column][\/vc_row][vc_row][vc_column][vc_empty_space][canon_post_listed show=\"postcat_ingredienti\" offset=\"1\" num_posts_show=\"50\" meta=\"categories\" hide_rating=\"checked\"][\/vc_column][\/vc_row]","rel":"","context":"Articolo simile","block_context":{"text":"Articolo simile","link":""},"img":{"alt_text":"","src":"","width":0,"height":0},"classes":[]},{"id":18,"url":"https:\/\/www.zucchinarepublic.it\/?page_id=18","url_meta":{"origin":1943,"position":5},"title":"Contatti","author":"valentinaferri","date":"Settembre 6, 2017","format":false,"excerpt":"[vc_row full_width=\"stretch_row_content\" parallax=\"content-moving\" parallax_image=\"2106\" parallax_speed_bg=\"4\"][vc_column][vc_column_text] \"Smettiamola di mettere in bocca qualunque cosa \u00a0e possibilmente ricordiamoci da dove (e da chi) proviene ci\u00f2 che abitualmente ingurgitiamo senza pensarci.\" [\/vc_column_text][\/vc_column][\/vc_row][vc_row][vc_column width=\"2\/3\"][vc_row_inner][vc_column_inner][vc_custom_heading text=\"Valentina Ferri\" use_theme_fonts=\"yes\"][vc_single_image image=\"2127\" img_size=\"large\"][\/vc_column_inner][\/vc_row_inner][vc_column_text] Consulenze gastronomiche per chi desidera accostarsi ad un'alimentazione vegetale\u00a0 (non sono una nutrizionista) Servizio catering per\u2026","rel":"","context":"Articolo simile","block_context":{"text":"Articolo simile","link":""},"img":{"alt_text":"","src":"","width":0,"height":0},"classes":[]}],"_links":{"self":[{"href":"https:\/\/www.zucchinarepublic.it\/index.php?rest_route=\/wp\/v2\/pages\/1943","targetHints":{"allow":["GET"]}}],"collection":[{"href":"https:\/\/www.zucchinarepublic.it\/index.php?rest_route=\/wp\/v2\/pages"}],"about":[{"href":"https:\/\/www.zucchinarepublic.it\/index.php?rest_route=\/wp\/v2\/types\/page"}],"author":[{"embeddable":true,"href":"https:\/\/www.zucchinarepublic.it\/index.php?rest_route=\/wp\/v2\/users\/2"}],"replies":[{"embeddable":true,"href":"https:\/\/www.zucchinarepublic.it\/index.php?rest_route=%2Fwp%2Fv2%2Fcomments&post=1943"}],"version-history":[{"count":25,"href":"https:\/\/www.zucchinarepublic.it\/index.php?rest_route=\/wp\/v2\/pages\/1943\/revisions"}],"predecessor-version":[{"id":2317,"href":"https:\/\/www.zucchinarepublic.it\/index.php?rest_route=\/wp\/v2\/pages\/1943\/revisions\/2317"}],"wp:attachment":[{"href":"https:\/\/www.zucchinarepublic.it\/index.php?rest_route=%2Fwp%2Fv2%2Fmedia&parent=1943"}],"curies":[{"name":"wp","href":"https:\/\/api.w.org\/{rel}","templated":true}]}}